{"id":190,"date":"2019-03-10T17:49:57","date_gmt":"2019-03-10T16:49:57","guid":{"rendered":"https:\/\/mediolanum.fr\/?page_id=190"},"modified":"2020-11-29T08:52:02","modified_gmt":"2020-11-29T07:52:02","slug":"oleron","status":"publish","type":"page","link":"https:\/\/mediolanum.fr\/index.php\/oleron\/","title":{"rendered":"Ol\u00e9ron"},"content":{"rendered":"<p>[et_pb_section fb_built=\u00a0\u00bb1&Prime; _builder_version=\u00a0\u00bb3.22&Prime;][et_pb_row column_structure=\u00a0\u00bb1_2,1_2&Prime; _builder_version=\u00a0\u00bb3.25&Prime; background_size=\u00a0\u00bbinitial\u00a0\u00bb background_position=\u00a0\u00bbtop_left\u00a0\u00bb background_repeat=\u00a0\u00bbrepeat\u00a0\u00bb][et_pb_column type=\u00a0\u00bb1_2&Prime; _builder_version=\u00a0\u00bb3.25&Prime; custom_padding=\u00a0\u00bb|||\u00a0\u00bb custom_padding__hover=\u00a0\u00bb|||\u00a0\u00bb][et_pb_text _builder_version=\u00a0\u00bb3.27.4&Prime; text_font=\u00a0\u00bbVerdana|600|||||||\u00a0\u00bb text_text_color=\u00a0\u00bb#1b0887&Prime; text_font_size=\u00a0\u00bb18px\u00a0\u00bb]<\/p>\n<p>Beau livre, format 30 x 30, 132 pages<\/p>\n<p>Sortie Mars 2016<\/p>\n<p>Photographies: Michel Garnier<\/p>\n<p>Textes: Thierry Sauzeau<\/p>\n<p>[\/et_pb_text][et_pb_text admin_label=\u00a0\u00bbPrix oleron\u00a0\u00bb _builder_version=\u00a0\u00bb4.6.6&Prime; _module_preset=\u00a0\u00bbdefault\u00a0\u00bb text_text_color=\u00a0\u00bb#0c71c3&Prime; text_font_size=\u00a0\u00bb20px\u00a0\u00bb hover_enabled=\u00a0\u00bb0&Prime; sticky_enabled=\u00a0\u00bb0&Prime;]<\/p>\n<p><em>Prix du livre : 35 Euros (+ 3\u20ac frais d&rsquo;envoi)<br \/> <\/em><\/p>\n<p>[\/et_pb_text][et_pb_button button_url=\u00a0\u00bbhttps:\/\/www.helloasso.com\/associations\/mediolanum\/paiements\/vente-livre-oleron\u00a0\u00bb url_new_window=\u00a0\u00bbon\u00a0\u00bb button_text=\u00a0\u00bbAcheter ce livre\u00a0\u00bb admin_label=\u00a0\u00bbVente livre oleron\u00a0\u00bb _builder_version=\u00a0\u00bb3.21&Prime; custom_button=\u00a0\u00bbon\u00a0\u00bb button_text_size=\u00a0\u00bb28px\u00a0\u00bb button_text_color=\u00a0\u00bb#092796&Prime; button_bg_color=\u00a0\u00bb#0ecef9&Prime; button_font=\u00a0\u00bb||||||||\u00a0\u00bb button_icon=\u00a0\u00bb%%32%%\u00a0\u00bb button_on_hover=\u00a0\u00bboff\u00a0\u00bb box_shadow_style=\u00a0\u00bbpreset4&Prime; box_shadow_color=\u00a0\u00bb#0c71c3&Prime;]<\/p>\n<p>[\/et_pb_button][et_pb_text _builder_version=\u00a0\u00bb3.27.4&Prime; text_font=\u00a0\u00bbVerdana||||||||\u00a0\u00bb text_text_color=\u00a0\u00bb#086191&Prime; text_font_size=\u00a0\u00bb18px\u00a0\u00bb]<\/p>\n<p>Pour feuilleter quelques pages du livre, cliquez sur une photo ci-dessous<\/p>\n<p>[\/et_pb_text][\/et_pb_column][et_pb_column type=\u00a0\u00bb1_2&Prime; _builder_version=\u00a0\u00bb3.25&Prime; custom_padding=\u00a0\u00bb|||\u00a0\u00bb custom_padding__hover=\u00a0\u00bb|||\u00a0\u00bb][et_pb_image src=\u00a0\u00bbhttps:\/\/mediolanum.fr\/wp-content\/uploads\/2019\/03\/Livre-Ol\u00e9ron_flyer-p1.jpg\u00a0\u00bb align_tablet=\u00a0\u00bbcenter\u00a0\u00bb align_phone=\u00a0\u00bb\u00a0\u00bb align_last_edited=\u00a0\u00bbon|desktop\u00a0\u00bb admin_label=\u00a0\u00bbFlyer livre oleron\u00a0\u00bb _builder_version=\u00a0\u00bb3.23&Prime;]<\/p>\n<p>[\/et_pb_image][\/et_pb_column][\/et_pb_row][et_pb_row module_class=\u00a0\u00bb et_pb_row_fullwidth\u00a0\u00bb _builder_version=\u00a0\u00bb3.25&Prime; background_size=\u00a0\u00bbinitial\u00a0\u00bb background_position=\u00a0\u00bbtop_left\u00a0\u00bb background_repeat=\u00a0\u00bbrepeat\u00a0\u00bb width=\u00a0\u00bb89%\u00a0\u00bb width_tablet=\u00a0\u00bb80%\u00a0\u00bb width_phone=\u00a0\u00bb\u00a0\u00bb width_last_edited=\u00a0\u00bbon|desktop\u00a0\u00bb max_width=\u00a0\u00bb89%\u00a0\u00bb max_width_tablet=\u00a0\u00bb80%\u00a0\u00bb max_width_phone=\u00a0\u00bb\u00a0\u00bb max_width_last_edited=\u00a0\u00bbon|desktop\u00a0\u00bb link_option_url_new_window=\u00a0\u00bbon\u00a0\u00bb make_fullwidth=\u00a0\u00bbon\u00a0\u00bb][et_pb_column type=\u00a0\u00bb4_4&Prime; _builder_version=\u00a0\u00bb3.25&Prime; custom_padding=\u00a0\u00bb|||\u00a0\u00bb custom_padding__hover=\u00a0\u00bb|||\u00a0\u00bb][et_pb_gallery gallery_ids=\u00a0\u00bb245,227,432,250,811,797,760,761&Prime; fullwidth=\u00a0\u00bbon\u00a0\u00bb db_image_max_width_tablet=\u00a0\u00bb51&Prime; db_image_max_height_tablet=\u00a0\u00bb501&Prime; db_image_row_spacing_tablet=\u00a0\u00bb51&Prime; db_image_center_titles=\u00a0\u00bbleft\u00a0\u00bb db_image_object_fit=\u00a0\u00bbinitial\u00a0\u00bb dbdb_version=\u00a0\u00bb3.3.5&Prime; hover_icon=\u00a0\u00bb%%377%%\u00a0\u00bb admin_label=\u00a0\u00bbGalerie livre oleron\u00a0\u00bb _builder_version=\u00a0\u00bb3.21&Prime; background_color=\u00a0\u00bb#ffffff\u00a0\u00bb max_width=\u00a0\u00bb83%\u00a0\u00bb child_filter_brightness=\u00a0\u00bb99%\u00a0\u00bb animation_style=\u00a0\u00bbslide\u00a0\u00bb animation_duration=\u00a0\u00bb2000ms\u00a0\u00bb animation_delay=\u00a0\u00bb3000ms\u00a0\u00bb auto=\u00a0\u00bbon\u00a0\u00bb auto_speed=\u00a0\u00bb4000&Prime; link_option_url_new_window=\u00a0\u00bbon\u00a0\u00bb box_shadow_style=\u00a0\u00bbpreset5&Prime; box_shadow_color=\u00a0\u00bb#051063&Prime;]<\/p>\n<p>[\/et_pb_gallery][\/et_pb_column][\/et_pb_row][et_pb_row column_structure=\u00a0\u00bb1_2,1_2&Prime; _builder_version=\u00a0\u00bb3.25&Prime; background_size=\u00a0\u00bbinitial\u00a0\u00bb background_position=\u00a0\u00bbtop_left\u00a0\u00bb background_repeat=\u00a0\u00bbrepeat\u00a0\u00bb][et_pb_column type=\u00a0\u00bb1_2&Prime; _builder_version=\u00a0\u00bb3.25&Prime; custom_padding=\u00a0\u00bb|||\u00a0\u00bb custom_padding__hover=\u00a0\u00bb|||\u00a0\u00bb][et_pb_text _builder_version=\u00a0\u00bb3.27.4&Prime; text_text_color=\u00a0\u00bb#080472&Prime; text_font_size=\u00a0\u00bb19px\u00a0\u00bb]<\/p>\n<p>Biographie <a href=\"https:\/\/www.michel-garnier.com\/\">Michel Garnier Photographe<\/a><\/p>\n<p>Du bocage normand aux clochers de Saintonge en passant par la brousse africaine, Michel Garnier a promen\u00e9 son regard bleu per\u00e7ant derri\u00e8re le viseur, un dipl\u00f4me d\u2019ing\u00e9nieur roul\u00e9 en boule dans la poche de son blouson, avant de poser ses valises un peu par hasard \u00e0 Saintes.<\/p>\n<p>Il y enseigne d\u2019abord les math\u00e9matiques, avant de se consacrer enti\u00e8rement \u00e0 la magie de l\u2019image en 1989.<\/p>\n<p>Il dit de lui\u00a0: \u00ab\u00a0je suis plus un t\u00e9moin qu\u2019un cr\u00e9ateur, j\u2019aime regarder\u00a0\u00bb.<\/p>\n<p>Avec un pied-\u00e0-terre familial sur l\u2019\u00eele pendant de nombreuses ann\u00e9es, il a pris le temps de devenir un inconditionnel d\u2019Ol\u00e9ron !<\/p>\n<p>[\/et_pb_text][et_pb_divider _builder_version=\u00a0\u00bb3.21&Prime;]<\/p>\n<p>[\/et_pb_divider][et_pb_text admin_label=\u00a0\u00bbBio T Sauzeau\u00a0\u00bb _builder_version=\u00a0\u00bb3.27.4&Prime; text_text_color=\u00a0\u00bb#080472&Prime; text_font_size=\u00a0\u00bb19px\u00a0\u00bb]<\/p>\n<p>Biographie <a href=\"https:\/\/www.thierry-sauzeau.com\/\">Thierry Sauzeau Professeur<\/a><\/p>\n<p>Apr\u00e8s avoir \u00e9pous\u00e9 une fille du pays, Thierry SAUZEAU a pos\u00e9 son sac \u00e0 Ol\u00e9ron en 1999.<\/p>\n<p>Il y a enseign\u00e9 l\u2019histoire-g\u00e9ographie pendant 5 ans, avant d\u2019entamer une carri\u00e8re universitaire \u00e0 Poitiers. Sa sp\u00e9cialit\u00e9 est l\u2019histoire maritime, celle des hommes, des navires, des cargaisons et des paysages qui les abritent.<\/p>\n<p>C\u2019est tout naturellement qu\u2019il a conserv\u00e9 le littoral saintongeais et l\u2019\u00eele d\u2019Ol\u00e9ron pour cadres de vie, pour terrains de jeu et pour sujets d\u2019\u00e9tude.<\/p>\n<p>[\/et_pb_text][\/et_pb_column][et_pb_column type=\u00a0\u00bb1_2&Prime; _builder_version=\u00a0\u00bb3.25&Prime; custom_padding=\u00a0\u00bb|||\u00a0\u00bb custom_padding__hover=\u00a0\u00bb|||\u00a0\u00bb][et_pb_team_member name=\u00a0\u00bbMichel Garnier\u00a0\u00bb image_url=\u00a0\u00bbhttps:\/\/mediolanum.fr\/wp-content\/uploads\/2019\/03\/site-michel.png\u00a0\u00bb website_url=\u00a0\u00bbhttps:\/\/www.michel-garnier.com\/\u00a0\u00bb db_email_addr=\u00a0\u00bbmichel.arnier@orange.fr\u00a0\u00bb facebook_url=\u00a0\u00bbhttps:\/\/www.facebook.com\/people\/Michel-Garnier\/100010343856018&Prime; db_link_target=\u00a0\u00bbon\u00a0\u00bb icon_color=\u00a0\u00bb#05065b\u00a0\u00bb admin_label=\u00a0\u00bbMichel Garnier\u00a0\u00bb _builder_version=\u00a0\u00bb3.21&Prime; header_level=\u00a0\u00bbh2&Prime; border_color_all_image=\u00a0\u00bb#000000&Prime;]<\/p>\n<p><a href=\"https:\/\/mediolanum.fr\/michel\/\"><img loading=\"lazy\" decoding=\"async\" class=\"wp-image-911 alignnone size-full\" src=\"https:\/\/mediolanum.fr\/wp-content\/uploads\/2019\/04\/Michel.jpg\" alt=\"\" width=\"152\" height=\"185\" \/><\/a><\/p>\n<p>[\/et_pb_team_member][\/et_pb_column][\/et_pb_row][\/et_pb_section]<\/p>\n","protected":false},"excerpt":{"rendered":"<p>Beau livre, format 30 x 30, 132 pages Sortie Mars 2016 Photographies: Michel Garnier Textes: Thierry Sauzeau Prix du livre : 35 Euros (+ 3\u20ac frais d&rsquo;envoi) Pour feuilleter quelques pages du livre, cliquez sur une photo ci-dessous Biographie Michel Garnier Photographe Du bocage normand aux clochers de Saintonge en passant par la brousse africaine, [&hellip;]<\/p>\n","protected":false},"author":4,"featured_media":0,"parent":0,"menu_order":0,"comment_status":"closed","ping_status":"closed","template":"","meta":{"_et_pb_use_builder":"on","_et_pb_old_content":"","_et_gb_content_width":"","footnotes":""},"class_list":["post-190","page","type-page","status-publish","hentry"],"yoast_head":"<!-- This site is optimized with the Yoast SEO plugin v27.4 - https:\/\/yoast.com\/product\/yoast-seo-wordpress\/ -->\n<title>Ol\u00e9ron - Mediolanum Edition photos beaux livres sur la Charente Saintes Oleron beau livre<\/title>\n<meta name=\"description\" content=\"Magnifique livre de photos et texte sur l&#039;\u00eele d&#039;Ol\u00e9ron . L&#039;achat est possible en ligne avec envoi soign\u00e9 . Pensez-y pour No\u00ebl !!\" \/>\n<meta name=\"robots\" content=\"index, follow, max-snippet:-1, max-image-preview:large, max-video-preview:-1\" \/>\n<link rel=\"canonical\" href=\"https:\/\/mediolanum.fr\/index.php\/oleron\/\" \/>\n<meta property=\"og:locale\" content=\"fr_FR\" \/>\n<meta property=\"og:type\" content=\"article\" \/>\n<meta property=\"og:title\" content=\"Ol\u00e9ron - Mediolanum Edition photos beaux livres sur la Charente Saintes Oleron beau livre\" \/>\n<meta property=\"og:description\" content=\"Magnifique livre de photos et texte sur l&#039;\u00eele d&#039;Ol\u00e9ron . L&#039;achat est possible en ligne avec envoi soign\u00e9 . Pensez-y pour No\u00ebl !!\" \/>\n<meta property=\"og:url\" content=\"https:\/\/mediolanum.fr\/index.php\/oleron\/\" \/>\n<meta property=\"og:site_name\" content=\"Mediolanum\" \/>\n<meta property=\"article:modified_time\" content=\"2020-11-29T07:52:02+00:00\" \/>\n<meta property=\"og:image\" content=\"https:\/\/mediolanum.fr\/wp-content\/uploads\/2019\/04\/Michel.jpg\" \/>\n<meta name=\"twitter:card\" content=\"summary_large_image\" \/>\n<meta name=\"twitter:label1\" content=\"Dur\u00e9e de lecture estim\u00e9e\" \/>\n\t<meta name=\"twitter:data1\" content=\"4 minutes\" \/>\n<script type=\"application\/ld+json\" class=\"yoast-schema-graph\">{\"@context\":\"https:\\\/\\\/schema.org\",\"@graph\":[{\"@type\":\"WebPage\",\"@id\":\"https:\\\/\\\/mediolanum.fr\\\/index.php\\\/oleron\\\/\",\"url\":\"https:\\\/\\\/mediolanum.fr\\\/index.php\\\/oleron\\\/\",\"name\":\"Ol\u00e9ron - Mediolanum Edition photos beaux livres sur la Charente Saintes Oleron beau livre\",\"isPartOf\":{\"@id\":\"https:\\\/\\\/mediolanum.fr\\\/#website\"},\"primaryImageOfPage\":{\"@id\":\"https:\\\/\\\/mediolanum.fr\\\/index.php\\\/oleron\\\/#primaryimage\"},\"image\":{\"@id\":\"https:\\\/\\\/mediolanum.fr\\\/index.php\\\/oleron\\\/#primaryimage\"},\"thumbnailUrl\":\"https:\\\/\\\/mediolanum.fr\\\/wp-content\\\/uploads\\\/2019\\\/04\\\/Michel.jpg\",\"datePublished\":\"2019-03-10T16:49:57+00:00\",\"dateModified\":\"2020-11-29T07:52:02+00:00\",\"description\":\"Magnifique livre de photos et texte sur l'\u00eele d'Ol\u00e9ron . L'achat est possible en ligne avec envoi soign\u00e9 . Pensez-y pour No\u00ebl !!\",\"breadcrumb\":{\"@id\":\"https:\\\/\\\/mediolanum.fr\\\/index.php\\\/oleron\\\/#breadcrumb\"},\"inLanguage\":\"fr-FR\",\"potentialAction\":[{\"@type\":\"ReadAction\",\"target\":[\"https:\\\/\\\/mediolanum.fr\\\/index.php\\\/oleron\\\/\"]}]},{\"@type\":\"ImageObject\",\"inLanguage\":\"fr-FR\",\"@id\":\"https:\\\/\\\/mediolanum.fr\\\/index.php\\\/oleron\\\/#primaryimage\",\"url\":\"https:\\\/\\\/mediolanum.fr\\\/wp-content\\\/uploads\\\/2019\\\/04\\\/Michel.jpg\",\"contentUrl\":\"https:\\\/\\\/mediolanum.fr\\\/wp-content\\\/uploads\\\/2019\\\/04\\\/Michel.jpg\",\"width\":152,\"height\":185},{\"@type\":\"BreadcrumbList\",\"@id\":\"https:\\\/\\\/mediolanum.fr\\\/index.php\\\/oleron\\\/#breadcrumb\",\"itemListElement\":[{\"@type\":\"ListItem\",\"position\":1,\"name\":\"Accueil\",\"item\":\"https:\\\/\\\/mediolanum.fr\\\/\"},{\"@type\":\"ListItem\",\"position\":2,\"name\":\"Ol\u00e9ron\"}]},{\"@type\":\"WebSite\",\"@id\":\"https:\\\/\\\/mediolanum.fr\\\/#website\",\"url\":\"https:\\\/\\\/mediolanum.fr\\\/\",\"name\":\"Mediolanum\",\"description\":\"Edition photos beaux livres sur la Charente Saintes Oleron\",\"potentialAction\":[{\"@type\":\"SearchAction\",\"target\":{\"@type\":\"EntryPoint\",\"urlTemplate\":\"https:\\\/\\\/mediolanum.fr\\\/?s={search_term_string}\"},\"query-input\":{\"@type\":\"PropertyValueSpecification\",\"valueRequired\":true,\"valueName\":\"search_term_string\"}}],\"inLanguage\":\"fr-FR\"}]}<\/script>\n<!-- \/ Yoast SEO plugin. -->","yoast_head_json":{"title":"Ol\u00e9ron - Mediolanum Edition photos beaux livres sur la Charente Saintes Oleron beau livre","description":"Magnifique livre de photos et texte sur l'\u00eele d'Ol\u00e9ron . L'achat est possible en ligne avec envoi soign\u00e9 . Pensez-y pour No\u00ebl !!","robots":{"index":"index","follow":"follow","max-snippet":"max-snippet:-1","max-image-preview":"max-image-preview:large","max-video-preview":"max-video-preview:-1"},"canonical":"https:\/\/mediolanum.fr\/index.php\/oleron\/","og_locale":"fr_FR","og_type":"article","og_title":"Ol\u00e9ron - Mediolanum Edition photos beaux livres sur la Charente Saintes Oleron beau livre","og_description":"Magnifique livre de photos et texte sur l'\u00eele d'Ol\u00e9ron . L'achat est possible en ligne avec envoi soign\u00e9 . Pensez-y pour No\u00ebl !!","og_url":"https:\/\/mediolanum.fr\/index.php\/oleron\/","og_site_name":"Mediolanum","article_modified_time":"2020-11-29T07:52:02+00:00","og_image":[{"url":"https:\/\/mediolanum.fr\/wp-content\/uploads\/2019\/04\/Michel.jpg","type":"","width":"","height":""}],"twitter_card":"summary_large_image","twitter_misc":{"Dur\u00e9e de lecture estim\u00e9e":"4 minutes"},"schema":{"@context":"https:\/\/schema.org","@graph":[{"@type":"WebPage","@id":"https:\/\/mediolanum.fr\/index.php\/oleron\/","url":"https:\/\/mediolanum.fr\/index.php\/oleron\/","name":"Ol\u00e9ron - Mediolanum Edition photos beaux livres sur la Charente Saintes Oleron beau livre","isPartOf":{"@id":"https:\/\/mediolanum.fr\/#website"},"primaryImageOfPage":{"@id":"https:\/\/mediolanum.fr\/index.php\/oleron\/#primaryimage"},"image":{"@id":"https:\/\/mediolanum.fr\/index.php\/oleron\/#primaryimage"},"thumbnailUrl":"https:\/\/mediolanum.fr\/wp-content\/uploads\/2019\/04\/Michel.jpg","datePublished":"2019-03-10T16:49:57+00:00","dateModified":"2020-11-29T07:52:02+00:00","description":"Magnifique livre de photos et texte sur l'\u00eele d'Ol\u00e9ron . L'achat est possible en ligne avec envoi soign\u00e9 . Pensez-y pour No\u00ebl !!","breadcrumb":{"@id":"https:\/\/mediolanum.fr\/index.php\/oleron\/#breadcrumb"},"inLanguage":"fr-FR","potentialAction":[{"@type":"ReadAction","target":["https:\/\/mediolanum.fr\/index.php\/oleron\/"]}]},{"@type":"ImageObject","inLanguage":"fr-FR","@id":"https:\/\/mediolanum.fr\/index.php\/oleron\/#primaryimage","url":"https:\/\/mediolanum.fr\/wp-content\/uploads\/2019\/04\/Michel.jpg","contentUrl":"https:\/\/mediolanum.fr\/wp-content\/uploads\/2019\/04\/Michel.jpg","width":152,"height":185},{"@type":"BreadcrumbList","@id":"https:\/\/mediolanum.fr\/index.php\/oleron\/#breadcrumb","itemListElement":[{"@type":"ListItem","position":1,"name":"Accueil","item":"https:\/\/mediolanum.fr\/"},{"@type":"ListItem","position":2,"name":"Ol\u00e9ron"}]},{"@type":"WebSite","@id":"https:\/\/mediolanum.fr\/#website","url":"https:\/\/mediolanum.fr\/","name":"Mediolanum","description":"Edition photos beaux livres sur la Charente Saintes Oleron","potentialAction":[{"@type":"SearchAction","target":{"@type":"EntryPoint","urlTemplate":"https:\/\/mediolanum.fr\/?s={search_term_string}"},"query-input":{"@type":"PropertyValueSpecification","valueRequired":true,"valueName":"search_term_string"}}],"inLanguage":"fr-FR"}]}},"_links":{"self":[{"href":"https:\/\/mediolanum.fr\/index.php\/wp-json\/wp\/v2\/pages\/190","targetHints":{"allow":["GET"]}}],"collection":[{"href":"https:\/\/mediolanum.fr\/index.php\/wp-json\/wp\/v2\/pages"}],"about":[{"href":"https:\/\/mediolanum.fr\/index.php\/wp-json\/wp\/v2\/types\/page"}],"author":[{"embeddable":true,"href":"https:\/\/mediolanum.fr\/index.php\/wp-json\/wp\/v2\/users\/4"}],"replies":[{"embeddable":true,"href":"https:\/\/mediolanum.fr\/index.php\/wp-json\/wp\/v2\/comments?post=190"}],"version-history":[{"count":5,"href":"https:\/\/mediolanum.fr\/index.php\/wp-json\/wp\/v2\/pages\/190\/revisions"}],"predecessor-version":[{"id":1229,"href":"https:\/\/mediolanum.fr\/index.php\/wp-json\/wp\/v2\/pages\/190\/revisions\/1229"}],"wp:attachment":[{"href":"https:\/\/mediolanum.fr\/index.php\/wp-json\/wp\/v2\/media?parent=190"}],"curies":[{"name":"wp","href":"https:\/\/api.w.org\/{rel}","templated":true}]}}