{"id":1031,"date":"2019-04-29T21:10:48","date_gmt":"2019-04-29T19:10:48","guid":{"rendered":"https:\/\/mediolanum.fr\/?page_id=1031"},"modified":"2019-04-29T21:21:04","modified_gmt":"2019-04-29T19:21:04","slug":"mentions-legales-2","status":"publish","type":"page","link":"https:\/\/mediolanum.fr\/index.php\/mentions-legales-2\/","title":{"rendered":"Mentions l\u00e9gales"},"content":{"rendered":"<p><a href=\"https:\/\/mediolanum.fr\/logo2corrige\/\"><img loading=\"lazy\" decoding=\"async\" class=\"alignnone size-medium wp-image-741\" src=\"https:\/\/mediolanum.fr\/wp-content\/uploads\/2019\/04\/Logo2Corrige-300x113.png\" alt=\"\" width=\"300\" height=\"113\" \/><\/a><\/p>\n<p>Propri\u00e9t\u00e9 du site<\/p>\n<p><u>L\u2019\u00e9diteur du site internet<\/u><\/p>\n<p><strong>Mediolanum<\/strong><\/p>\n<p>Association loi 1901<\/p>\n<p><u>Les responsables \u00e9ditoriaux du site internet<\/u><\/p>\n<p>Le directeur de la publication du pr\u00e9sent site est <strong>l\u2019association Mediolanum. <\/strong><\/p>\n<p>La r\u00e9alisation du site sous WordPress a \u00e9t\u00e9 prise en charge par des adh\u00e9rents de l\u2019association en respectant le plan du site (l\u2019organisation des pages, l\u2019arborescence et la navigation dans le site Web) et le contenu des pages (texte et \u00e9l\u00e9ments graphiques constituant chaque page) fournis par M Garnier.<\/p>\n<p>La navigation sur ce site Internet implique de la part du visiteur la connaissance et l\u2019acceptation des mentions suivantes :<\/p>\n<p>Copyright \u00a9 2019 Mediolanum \u2013 Tous droits r\u00e9serv\u00e9s<\/p>\n<p>Pour toute information li\u00e9e au fonctionnement ou \u00e0 l\u2019utilisation du site, vous pouvez nous contacter \u00e0 l\u2019adresse mentionn\u00e9e pr\u00e9c\u00e9demment.<\/p>\n<p>L\u2019acc\u00e8s et l\u2019utilisation de ce site sont soumis aux conditions et dispositions l\u00e9gales en vigueur.<\/p>\n<p><u>L\u2019h\u00e9bergeur du site internet<\/u><\/p>\n<p><strong>OVH <\/strong><\/p>\n<p>7, place de la gare<\/p>\n<p>57200 SARREGUEMINES \u2013<\/p>\n<p>SAS au capital de 10 069 020 \u20ac<br \/>\nRCS Lille M\u00e9tropole 424 761 419 00045<br \/>\nCode APE 2620Z<br \/>\nN\u00b0 TVA : FR 22 424 761 419<br \/>\nSi\u00e8ge social : 2 rue Kellermann &#8211; 59100 Roubaix &#8211; France<\/p>\n<p>Site Web : <a href=\"https:\/\/www.ovh.fr\">https:\/\/www.ovh.fr<\/a><\/p>\n<p>Informatiques et Libert\u00e9s<\/p>\n<p><u>Gestion des donn\u00e9es personnelles<\/u><\/p>\n<p>En application de la loi n\u00ba78-17 du 6 janvier 1978 relative \u00e0 l\u2019informatique, aux fichiers et aux libert\u00e9s, l\u2019utilisateur dispose des droits d\u2019opposition (art.26 de la loi), d\u2019acc\u00e8s (art.34 \u00e0 38 de la loi), et de rectification (art.36 de la loi) des donn\u00e9es le concernant.<\/p>\n<p>L\u2019utilisateur est averti que les informations qu\u2019il communique par le biais des formulaires pr\u00e9sents sur le site sont n\u00e9cessaires pour r\u00e9pondre \u00e0 sa demande, et sont destin\u00e9es \u00e0 l\u2019association Mediolanum, responsable du traitement. Seule notre association est destinataire des informations que vous lui communiquez.<\/p>\n<p>Afin d\u2019am\u00e9liorer les services et l\u2019efficacit\u00e9 de sa communication en ligne, le site dispose de donn\u00e9es statistiques non nominatives sur la fr\u00e9quentation des rubriques et des pages de son site Internet.<\/p>\n<p>Les bases de donn\u00e9es sont prot\u00e9g\u00e9es par les dispositions de la loi du 1er juillet 1998 transposant la directive 96\/9 du 11 mars 1996 relative \u00e0 la protection juridique des bases de donn\u00e9es.<\/p>\n<p>Droits d\u2019auteurs \/ Copyright<\/p>\n<p><u>La propri\u00e9t\u00e9 intellectuelle<\/u><\/p>\n<p>L\u2019ensemble de ce site rel\u00e8ve de la l\u00e9gislation fran\u00e7aise et internationale sur le droit d\u2019auteur et la propri\u00e9t\u00e9 intellectuelle<\/p>\n<p>Tout le contenu du site est la propri\u00e9t\u00e9 exclusive de l\u2019association Mediolanum \u00e0 l\u2019exception de certains articles (actualit\u00e9s) appartenant \u00e0 d\u2019autres soci\u00e9t\u00e9s partenaires ou \u00e0 la presse locale.<\/p>\n<p>Toute reproduction, repr\u00e9sentation, modification, publication, adaptation de tout ou partie des \u00e9l\u00e9ments du site, quel que soit le moyen ou le proc\u00e9d\u00e9 utilis\u00e9, est strictement interdite sans l\u2019accord \u00e9crit et pr\u00e9alable de l\u2019association Mediolanum.<\/p>\n<p>Toute exploitation non autoris\u00e9e du site ou de l\u2019un quelconque des \u00e9l\u00e9ments qu\u2019il contient sera consid\u00e9r\u00e9e comme constitutive d\u2019une contrefa\u00e7on et poursuivie conform\u00e9ment aux dispositions des articles L.335-2 et suivants du Code de Propri\u00e9t\u00e9 Intellectuelle.<\/p>\n<p><u>Marques d\u00e9pos\u00e9es<\/u><\/p>\n<p>Les marques et logos figurant sur ce site sont des marques d\u00e9pos\u00e9es. Leur mention n\u2019accorde en aucune mani\u00e8re une licence ou un droit d\u2019utilisation quelconque des dites marques, qui ne peuvent donc \u00eatre utilis\u00e9es sans le consentement pr\u00e9alable et \u00e9crit du propri\u00e9taire de la marque sous peine de contrefa\u00e7on.<\/p>\n<p>L\u2019usage du logo de l\u2019association Mediolanum ne peut \u00eatre fait sans autorisation pr\u00e9alable.<\/p>\n<p>Propri\u00e9t\u00e9 Responsabilit\u00e9<\/p>\n<p><u>Conditions g\u00e9n\u00e9rales d\u2019utilisation du site <\/u><\/p>\n<p>L\u2019utilisation du site de l\u2019association Mediolanum implique l\u2019acceptation pleine et enti\u00e8re des conditions g\u00e9n\u00e9rales d\u2019utilisation ci-apr\u00e8s d\u00e9crites.<\/p>\n<p><u>Description des services fournis <\/u><\/p>\n<p>Tous les informations indiqu\u00e9es sur le site de l\u2019association Mediolanum sont donn\u00e9es \u00e0 titre indicatif, et sont susceptibles d\u2019\u00e9voluer. Par ailleurs, les renseignements figurant sur le site ne sont pas exhaustifs. Ils sont donn\u00e9s sous r\u00e9serve de modifications ayant \u00e9t\u00e9 apport\u00e9es depuis leur mise en ligne.<\/p>\n<p><u>Avertissement<\/u><\/p>\n<p>Les informations ou les messages \u00e9chang\u00e9s par l\u2019interm\u00e9diaire de la messagerie n\u2019ont pas valeur de d\u00e9cision.<\/p>\n<p><u>\u00c9tablissement de liens hypertextes <\/u><\/p>\n<p>Les liens mis en place depuis le site vers des sites ext\u00e9rieurs ne sauraient engager la responsabilit\u00e9 de l\u2019association Mediolanum notamment au regard du contenu de ces sites, mais \u00e9galement des risques techniques.<\/p>\n<p>L\u2019association Mediolanum d\u00e9gage toute responsabilit\u00e9 concernant les liens cr\u00e9\u00e9s par d\u2019autres sites vers son site.<\/p>\n<p>Toutefois l\u2019association Mediolanum se r\u00e9serve le droit de demander la suppression d\u2019un lien pour des sites diffusant notamment des informations qui pourraient porter pr\u00e9judice \u00e0 l\u2019image de l\u2019association Mediolanum.<\/p>\n<p><u>Limitation de responsabilit\u00e9<\/u><\/p>\n<p>L\u2019association Mediolanum ne pourra \u00eatre tenue responsable de dommages mat\u00e9riels li\u00e9s \u00e0 l\u2019utilisation du site. De plus, l\u2019utilisateur du site reconna\u00eet disposer de la comp\u00e9tence et des moyens n\u00e9cessaires pour acc\u00e9der \u00e0 ce site, l\u2019utiliser et avoir v\u00e9rifi\u00e9 que la configuration informatique utilis\u00e9e ne contient aucun virus et qu\u2019elle est en parfait \u00e9tat de fonctionnement.<\/p>\n<p>Cookies<\/p>\n<p>Les utilisateurs sont inform\u00e9s que lors de l\u2019acc\u00e8s \u00e0 certaines parties du site des informations peuvent \u00eatre temporairement conserv\u00e9es en m\u00e9moire ou sur leur disque dur. Les utilisateurs du site reconnaissent avoir \u00e9t\u00e9 inform\u00e9s et acceptent cette pratique<em>.<\/em><\/p>\n<p>&nbsp;<\/p>\n","protected":false},"excerpt":{"rendered":"<p>Propri\u00e9t\u00e9 du site L\u2019\u00e9diteur du site internet Mediolanum Association loi 1901 Les responsables \u00e9ditoriaux du site internet Le directeur de la publication du pr\u00e9sent site est l\u2019association Mediolanum. La r\u00e9alisation du site sous WordPress a \u00e9t\u00e9 prise en charge par des adh\u00e9rents de l\u2019association en respectant le plan du site (l\u2019organisation des pages, l\u2019arborescence et [&hellip;]<\/p>\n","protected":false},"author":5,"featured_media":0,"parent":0,"menu_order":0,"comment_status":"closed","ping_status":"closed","template":"","meta":{"_et_pb_use_builder":"","_et_pb_old_content":"","_et_gb_content_width":"","footnotes":""},"class_list":["post-1031","page","type-page","status-publish","hentry"],"yoast_head":"<!-- This site is optimized with the Yoast SEO plugin v27.4 - https:\/\/yoast.com\/product\/yoast-seo-wordpress\/ -->\n<title>Mentions l\u00e9gales - Mediolanum<\/title>\n<meta name=\"robots\" content=\"index, follow, max-snippet:-1, max-image-preview:large, max-video-preview:-1\" \/>\n<link rel=\"canonical\" href=\"https:\/\/mediolanum.fr\/index.php\/mentions-legales-2\/\" \/>\n<meta property=\"og:locale\" content=\"fr_FR\" \/>\n<meta property=\"og:type\" content=\"article\" \/>\n<meta property=\"og:title\" content=\"Mentions l\u00e9gales - Mediolanum\" \/>\n<meta property=\"og:description\" content=\"Propri\u00e9t\u00e9 du site L\u2019\u00e9diteur du site internet Mediolanum Association loi 1901 Les responsables \u00e9ditoriaux du site internet Le directeur de la publication du pr\u00e9sent site est l\u2019association Mediolanum. La r\u00e9alisation du site sous WordPress a \u00e9t\u00e9 prise en charge par des adh\u00e9rents de l\u2019association en respectant le plan du site (l\u2019organisation des pages, l\u2019arborescence et [&hellip;]\" \/>\n<meta property=\"og:url\" content=\"https:\/\/mediolanum.fr\/index.php\/mentions-legales-2\/\" \/>\n<meta property=\"og:site_name\" content=\"Mediolanum\" \/>\n<meta property=\"article:modified_time\" content=\"2019-04-29T19:21:04+00:00\" \/>\n<meta property=\"og:image\" content=\"https:\/\/mediolanum.fr\/wp-content\/uploads\/2019\/04\/Logo2Corrige-300x113.png\" \/>\n<meta name=\"twitter:card\" content=\"summary_large_image\" \/>\n<meta name=\"twitter:label1\" content=\"Dur\u00e9e de lecture estim\u00e9e\" \/>\n\t<meta name=\"twitter:data1\" content=\"5 minutes\" \/>\n<script type=\"application\/ld+json\" class=\"yoast-schema-graph\">{\"@context\":\"https:\\\/\\\/schema.org\",\"@graph\":[{\"@type\":\"WebPage\",\"@id\":\"https:\\\/\\\/mediolanum.fr\\\/index.php\\\/mentions-legales-2\\\/\",\"url\":\"https:\\\/\\\/mediolanum.fr\\\/index.php\\\/mentions-legales-2\\\/\",\"name\":\"Mentions l\u00e9gales - Mediolanum\",\"isPartOf\":{\"@id\":\"https:\\\/\\\/mediolanum.fr\\\/#website\"},\"primaryImageOfPage\":{\"@id\":\"https:\\\/\\\/mediolanum.fr\\\/index.php\\\/mentions-legales-2\\\/#primaryimage\"},\"image\":{\"@id\":\"https:\\\/\\\/mediolanum.fr\\\/index.php\\\/mentions-legales-2\\\/#primaryimage\"},\"thumbnailUrl\":\"https:\\\/\\\/mediolanum.fr\\\/wp-content\\\/uploads\\\/2019\\\/04\\\/Logo2Corrige-300x113.png\",\"datePublished\":\"2019-04-29T19:10:48+00:00\",\"dateModified\":\"2019-04-29T19:21:04+00:00\",\"breadcrumb\":{\"@id\":\"https:\\\/\\\/mediolanum.fr\\\/index.php\\\/mentions-legales-2\\\/#breadcrumb\"},\"inLanguage\":\"fr-FR\",\"potentialAction\":[{\"@type\":\"ReadAction\",\"target\":[\"https:\\\/\\\/mediolanum.fr\\\/index.php\\\/mentions-legales-2\\\/\"]}]},{\"@type\":\"ImageObject\",\"inLanguage\":\"fr-FR\",\"@id\":\"https:\\\/\\\/mediolanum.fr\\\/index.php\\\/mentions-legales-2\\\/#primaryimage\",\"url\":\"https:\\\/\\\/mediolanum.fr\\\/wp-content\\\/uploads\\\/2019\\\/04\\\/Logo2Corrige.png\",\"contentUrl\":\"https:\\\/\\\/mediolanum.fr\\\/wp-content\\\/uploads\\\/2019\\\/04\\\/Logo2Corrige.png\",\"width\":800,\"height\":300},{\"@type\":\"BreadcrumbList\",\"@id\":\"https:\\\/\\\/mediolanum.fr\\\/index.php\\\/mentions-legales-2\\\/#breadcrumb\",\"itemListElement\":[{\"@type\":\"ListItem\",\"position\":1,\"name\":\"Accueil\",\"item\":\"https:\\\/\\\/mediolanum.fr\\\/\"},{\"@type\":\"ListItem\",\"position\":2,\"name\":\"Mentions l\u00e9gales\"}]},{\"@type\":\"WebSite\",\"@id\":\"https:\\\/\\\/mediolanum.fr\\\/#website\",\"url\":\"https:\\\/\\\/mediolanum.fr\\\/\",\"name\":\"Mediolanum\",\"description\":\"Edition photos beaux livres sur la Charente Saintes Oleron\",\"potentialAction\":[{\"@type\":\"SearchAction\",\"target\":{\"@type\":\"EntryPoint\",\"urlTemplate\":\"https:\\\/\\\/mediolanum.fr\\\/?s={search_term_string}\"},\"query-input\":{\"@type\":\"PropertyValueSpecification\",\"valueRequired\":true,\"valueName\":\"search_term_string\"}}],\"inLanguage\":\"fr-FR\"}]}<\/script>\n<!-- \/ Yoast SEO plugin. -->","yoast_head_json":{"title":"Mentions l\u00e9gales - Mediolanum","robots":{"index":"index","follow":"follow","max-snippet":"max-snippet:-1","max-image-preview":"max-image-preview:large","max-video-preview":"max-video-preview:-1"},"canonical":"https:\/\/mediolanum.fr\/index.php\/mentions-legales-2\/","og_locale":"fr_FR","og_type":"article","og_title":"Mentions l\u00e9gales - Mediolanum","og_description":"Propri\u00e9t\u00e9 du site L\u2019\u00e9diteur du site internet Mediolanum Association loi 1901 Les responsables \u00e9ditoriaux du site internet Le directeur de la publication du pr\u00e9sent site est l\u2019association Mediolanum. La r\u00e9alisation du site sous WordPress a \u00e9t\u00e9 prise en charge par des adh\u00e9rents de l\u2019association en respectant le plan du site (l\u2019organisation des pages, l\u2019arborescence et [&hellip;]","og_url":"https:\/\/mediolanum.fr\/index.php\/mentions-legales-2\/","og_site_name":"Mediolanum","article_modified_time":"2019-04-29T19:21:04+00:00","og_image":[{"url":"https:\/\/mediolanum.fr\/wp-content\/uploads\/2019\/04\/Logo2Corrige-300x113.png","type":"","width":"","height":""}],"twitter_card":"summary_large_image","twitter_misc":{"Dur\u00e9e de lecture estim\u00e9e":"5 minutes"},"schema":{"@context":"https:\/\/schema.org","@graph":[{"@type":"WebPage","@id":"https:\/\/mediolanum.fr\/index.php\/mentions-legales-2\/","url":"https:\/\/mediolanum.fr\/index.php\/mentions-legales-2\/","name":"Mentions l\u00e9gales - Mediolanum","isPartOf":{"@id":"https:\/\/mediolanum.fr\/#website"},"primaryImageOfPage":{"@id":"https:\/\/mediolanum.fr\/index.php\/mentions-legales-2\/#primaryimage"},"image":{"@id":"https:\/\/mediolanum.fr\/index.php\/mentions-legales-2\/#primaryimage"},"thumbnailUrl":"https:\/\/mediolanum.fr\/wp-content\/uploads\/2019\/04\/Logo2Corrige-300x113.png","datePublished":"2019-04-29T19:10:48+00:00","dateModified":"2019-04-29T19:21:04+00:00","breadcrumb":{"@id":"https:\/\/mediolanum.fr\/index.php\/mentions-legales-2\/#breadcrumb"},"inLanguage":"fr-FR","potentialAction":[{"@type":"ReadAction","target":["https:\/\/mediolanum.fr\/index.php\/mentions-legales-2\/"]}]},{"@type":"ImageObject","inLanguage":"fr-FR","@id":"https:\/\/mediolanum.fr\/index.php\/mentions-legales-2\/#primaryimage","url":"https:\/\/mediolanum.fr\/wp-content\/uploads\/2019\/04\/Logo2Corrige.png","contentUrl":"https:\/\/mediolanum.fr\/wp-content\/uploads\/2019\/04\/Logo2Corrige.png","width":800,"height":300},{"@type":"BreadcrumbList","@id":"https:\/\/mediolanum.fr\/index.php\/mentions-legales-2\/#breadcrumb","itemListElement":[{"@type":"ListItem","position":1,"name":"Accueil","item":"https:\/\/mediolanum.fr\/"},{"@type":"ListItem","position":2,"name":"Mentions l\u00e9gales"}]},{"@type":"WebSite","@id":"https:\/\/mediolanum.fr\/#website","url":"https:\/\/mediolanum.fr\/","name":"Mediolanum","description":"Edition photos beaux livres sur la Charente Saintes Oleron","potentialAction":[{"@type":"SearchAction","target":{"@type":"EntryPoint","urlTemplate":"https:\/\/mediolanum.fr\/?s={search_term_string}"},"query-input":{"@type":"PropertyValueSpecification","valueRequired":true,"valueName":"search_term_string"}}],"inLanguage":"fr-FR"}]}},"_links":{"self":[{"href":"https:\/\/mediolanum.fr\/index.php\/wp-json\/wp\/v2\/pages\/1031","targetHints":{"allow":["GET"]}}],"collection":[{"href":"https:\/\/mediolanum.fr\/index.php\/wp-json\/wp\/v2\/pages"}],"about":[{"href":"https:\/\/mediolanum.fr\/index.php\/wp-json\/wp\/v2\/types\/page"}],"author":[{"embeddable":true,"href":"https:\/\/mediolanum.fr\/index.php\/wp-json\/wp\/v2\/users\/5"}],"replies":[{"embeddable":true,"href":"https:\/\/mediolanum.fr\/index.php\/wp-json\/wp\/v2\/comments?post=1031"}],"version-history":[{"count":1,"href":"https:\/\/mediolanum.fr\/index.php\/wp-json\/wp\/v2\/pages\/1031\/revisions"}],"predecessor-version":[{"id":1032,"href":"https:\/\/mediolanum.fr\/index.php\/wp-json\/wp\/v2\/pages\/1031\/revisions\/1032"}],"wp:attachment":[{"href":"https:\/\/mediolanum.fr\/index.php\/wp-json\/wp\/v2\/media?parent=1031"}],"curies":[{"name":"wp","href":"https:\/\/api.w.org\/{rel}","templated":true}]}}